{"id":8984,"date":"2022-12-30T22:58:56","date_gmt":"2022-12-30T21:58:56","guid":{"rendered":"https:\/\/veitura.net\/?page_id=8984"},"modified":"2025-01-30T18:04:56","modified_gmt":"2025-01-30T17:04:56","slug":"qui-sommes-nous","status":"publish","type":"page","link":"https:\/\/veitura.net\/en\/qui-sommes-nous\/","title":{"rendered":"Who are we?"},"content":{"rendered":"<div class=\"wpb-content-wrapper\"><div class=\"vc_row wpb_row vc_row-fluid row_desk_middle vc_custom_1738256337547\"><div class=\"wpb_column vc_column_container vc_col-sm-6\"><div class=\"vc_column-inner\"><div class=\"wpb_wrapper\">\n\t<div class=\"wpb_text_column wpb_content_element\" >\n\t\t<div class=\"wpb_wrapper\">\n\t\t\t<h3 style=\"text-align: center;\">Veitura : une histoire de passion<\/h3>\n\n\t\t<\/div>\n\t<\/div>\n\n\t<div class=\"wpb_text_column wpb_content_element\" >\n\t\t<div class=\"wpb_wrapper\">\n\t\t\t<p>Veitura, qui signifie \u00ab\u00a0voiture\u00a0\u00bb en occitan, est un hommage \u00e0 notre r\u00e9gion de Montpellier et incarne l&rsquo;h\u00e9ritage local. Fond\u00e9e en 2019 par \u00c9ric, \u00e0 l&rsquo;approche de sa retraite, et son fils S\u00e9bastien, Veitura est n\u00e9e d&rsquo;une histoire de passion transmise de p\u00e8re en fils et repr\u00e9sente leur amour commun pour les voitures de collection.<\/p>\n\n\t\t<\/div>\n\t<\/div>\n<\/div><\/div><\/div><div class=\"wpb_column vc_column_container vc_col-sm-6\"><div class=\"vc_column-inner\"><div class=\"wpb_wrapper\">\n\t<div class=\"wpb_single_image wpb_content_element vc_align_left\">\n\t\t<div class=\"wpb_wrapper\">\n\t\t\t\n\t\t\t<div class=\"vc_single_image-wrapper   vc_box_border_grey\"><img loading=\"lazy\" decoding=\"async\" width=\"885\" height=\"500\" src=\"https:\/\/veitura.net\/wp-content\/uploads\/2025\/01\/image-1.jpg\" class=\"vc_single_image-img attachment-large\" alt=\"\" title=\"image\" srcset=\"https:\/\/veitura.net\/wp-content\/uploads\/2025\/01\/image-1.jpg 885w, https:\/\/veitura.net\/wp-content\/uploads\/2025\/01\/image-1-300x169.jpg 300w, https:\/\/veitura.net\/wp-content\/uploads\/2025\/01\/image-1-18x10.jpg 18w, https:\/\/veitura.net\/wp-content\/uploads\/2025\/01\/image-1-255x144.jpg 255w, https:\/\/veitura.net\/wp-content\/uploads\/2025\/01\/image-1-510x288.jpg 510w, https:\/\/veitura.net\/wp-content\/uploads\/2025\/01\/image-1-280x158.jpg 280w, https:\/\/veitura.net\/wp-content\/uploads\/2025\/01\/image-1-560x316.jpg 560w, https:\/\/veitura.net\/wp-content\/uploads\/2025\/01\/image-1-350x198.jpg 350w, https:\/\/veitura.net\/wp-content\/uploads\/2025\/01\/image-1-700x395.jpg 700w, https:\/\/veitura.net\/wp-content\/uploads\/2025\/01\/image-1-398x225.jpg 398w, https:\/\/veitura.net\/wp-content\/uploads\/2025\/01\/image-1-796x450.jpg 796w\" sizes=\"auto, (max-width: 885px) 100vw, 885px\" \/><\/div>\n\t\t<\/div>\n\t<\/div>\n<\/div><\/div><\/div><\/div><div class=\"vc_row wpb_row vc_row-fluid row_desk_middle vc_custom_1738256356839\"><div class=\"box_mob_hide wpb_column vc_column_container vc_col-sm-6\"><div class=\"vc_column-inner\"><div class=\"wpb_wrapper\">\n\t<div class=\"wpb_single_image wpb_content_element vc_align_left\">\n\t\t<div class=\"wpb_wrapper\">\n\t\t\t\n\t\t\t<div class=\"vc_single_image-wrapper   vc_box_border_grey\"><img loading=\"lazy\" decoding=\"async\" width=\"1600\" height=\"757\" src=\"https:\/\/veitura.net\/wp-content\/uploads\/2025\/01\/eric-testa-1.jpg\" class=\"vc_single_image-img attachment-full\" alt=\"\" title=\"eric testa\" srcset=\"https:\/\/veitura.net\/wp-content\/uploads\/2025\/01\/eric-testa-1.jpg 1600w, https:\/\/veitura.net\/wp-content\/uploads\/2025\/01\/eric-testa-1-300x142.jpg 300w, https:\/\/veitura.net\/wp-content\/uploads\/2025\/01\/eric-testa-1-1024x484.jpg 1024w, https:\/\/veitura.net\/wp-content\/uploads\/2025\/01\/eric-testa-1-18x9.jpg 18w, https:\/\/veitura.net\/wp-content\/uploads\/2025\/01\/eric-testa-1-255x121.jpg 255w, https:\/\/veitura.net\/wp-content\/uploads\/2025\/01\/eric-testa-1-510x241.jpg 510w, https:\/\/veitura.net\/wp-content\/uploads\/2025\/01\/eric-testa-1-280x132.jpg 280w, https:\/\/veitura.net\/wp-content\/uploads\/2025\/01\/eric-testa-1-560x265.jpg 560w, https:\/\/veitura.net\/wp-content\/uploads\/2025\/01\/eric-testa-1-350x166.jpg 350w, https:\/\/veitura.net\/wp-content\/uploads\/2025\/01\/eric-testa-1-700x331.jpg 700w, https:\/\/veitura.net\/wp-content\/uploads\/2025\/01\/eric-testa-1-398x188.jpg 398w, https:\/\/veitura.net\/wp-content\/uploads\/2025\/01\/eric-testa-1-796x377.jpg 796w\" sizes=\"auto, (max-width: 1600px) 100vw, 1600px\" \/><\/div>\n\t\t<\/div>\n\t<\/div>\n<\/div><\/div><\/div><div class=\"wpb_column vc_column_container vc_col-sm-6\"><div class=\"vc_column-inner\"><div class=\"wpb_wrapper\">\n\t<div class=\"wpb_text_column wpb_content_element\" >\n\t\t<div class=\"wpb_wrapper\">\n\t\t\t<h3 style=\"text-align: center;\">Une approche phygitale et humaine<\/h3>\n\n\t\t<\/div>\n\t<\/div>\n\n\t<div class=\"wpb_single_image wpb_content_element vc_align_left   box_desk_hide\">\n\t\t<div class=\"wpb_wrapper\">\n\t\t\t\n\t\t\t<div class=\"vc_single_image-wrapper   vc_box_border_grey\"><img loading=\"lazy\" decoding=\"async\" width=\"1600\" height=\"757\" src=\"https:\/\/veitura.net\/wp-content\/uploads\/2025\/01\/eric-testa-1.jpg\" class=\"vc_single_image-img attachment-full\" alt=\"\" title=\"eric testa\" srcset=\"https:\/\/veitura.net\/wp-content\/uploads\/2025\/01\/eric-testa-1.jpg 1600w, https:\/\/veitura.net\/wp-content\/uploads\/2025\/01\/eric-testa-1-300x142.jpg 300w, https:\/\/veitura.net\/wp-content\/uploads\/2025\/01\/eric-testa-1-1024x484.jpg 1024w, https:\/\/veitura.net\/wp-content\/uploads\/2025\/01\/eric-testa-1-18x9.jpg 18w, https:\/\/veitura.net\/wp-content\/uploads\/2025\/01\/eric-testa-1-255x121.jpg 255w, https:\/\/veitura.net\/wp-content\/uploads\/2025\/01\/eric-testa-1-510x241.jpg 510w, https:\/\/veitura.net\/wp-content\/uploads\/2025\/01\/eric-testa-1-280x132.jpg 280w, https:\/\/veitura.net\/wp-content\/uploads\/2025\/01\/eric-testa-1-560x265.jpg 560w, https:\/\/veitura.net\/wp-content\/uploads\/2025\/01\/eric-testa-1-350x166.jpg 350w, https:\/\/veitura.net\/wp-content\/uploads\/2025\/01\/eric-testa-1-700x331.jpg 700w, https:\/\/veitura.net\/wp-content\/uploads\/2025\/01\/eric-testa-1-398x188.jpg 398w, https:\/\/veitura.net\/wp-content\/uploads\/2025\/01\/eric-testa-1-796x377.jpg 796w\" sizes=\"auto, (max-width: 1600px) 100vw, 1600px\" \/><\/div>\n\t\t<\/div>\n\t<\/div>\n\n\t<div class=\"wpb_text_column wpb_content_element\" >\n\t\t<div class=\"wpb_wrapper\">\n\t\t\t<p>Veitura a adopt\u00e9 un business model ax\u00e9 sur le conseil et l&rsquo;assistance, r\u00e9pondant aux besoins des collectionneurs de v\u00e9hicules de collection d\u00e9sireux de vendre ou d&rsquo;acheter. En privil\u00e9giant une approche \u00ab\u00a0phygitale\u00a0\u00bb \u2014 un \u00e9quilibre parfait entre le physique et le digital \u2014 nous soulignons que le contact humain est irrempla\u00e7able dans ce secteur passionnel. Notre mod\u00e8le, fond\u00e9 sur un partage de commissions entre conseillers, favorise non seulement le partage d&rsquo;expertise mais aussi une passion commune, consolidant ainsi notre mission et \u00e9tablissant des relations de confiance avec nos clients.<\/p>\n\n\t\t<\/div>\n\t<\/div>\n<\/div><\/div><\/div><\/div><div class=\"vc_row wpb_row vc_row-fluid row_desk_middle vc_custom_1738256373129\"><div class=\"wpb_column vc_column_container vc_col-sm-6\"><div class=\"vc_column-inner\"><div class=\"wpb_wrapper\">\n\t<div class=\"wpb_text_column wpb_content_element\" >\n\t\t<div class=\"wpb_wrapper\">\n\t\t\t<h3 style=\"text-align: center;\">Croissance et expansion<\/h3>\n\n\t\t<\/div>\n\t<\/div>\n\n\t<div class=\"wpb_single_image wpb_content_element vc_align_left   box_desk_hide\">\n\t\t<div class=\"wpb_wrapper\">\n\t\t\t\n\t\t\t<div class=\"vc_single_image-wrapper   vc_box_border_grey\"><img loading=\"lazy\" decoding=\"async\" width=\"1190\" height=\"844\" src=\"https:\/\/veitura.net\/wp-content\/uploads\/2025\/01\/motor-passion-avignon-2024.jpg\" class=\"vc_single_image-img attachment-full\" alt=\"\" title=\"motor passion avignon 2024\" srcset=\"https:\/\/veitura.net\/wp-content\/uploads\/2025\/01\/motor-passion-avignon-2024.jpg 1190w, https:\/\/veitura.net\/wp-content\/uploads\/2025\/01\/motor-passion-avignon-2024-300x213.jpg 300w, https:\/\/veitura.net\/wp-content\/uploads\/2025\/01\/motor-passion-avignon-2024-1024x726.jpg 1024w, https:\/\/veitura.net\/wp-content\/uploads\/2025\/01\/motor-passion-avignon-2024-18x12.jpg 18w, https:\/\/veitura.net\/wp-content\/uploads\/2025\/01\/motor-passion-avignon-2024-255x181.jpg 255w, https:\/\/veitura.net\/wp-content\/uploads\/2025\/01\/motor-passion-avignon-2024-510x362.jpg 510w, https:\/\/veitura.net\/wp-content\/uploads\/2025\/01\/motor-passion-avignon-2024-280x199.jpg 280w, https:\/\/veitura.net\/wp-content\/uploads\/2025\/01\/motor-passion-avignon-2024-560x397.jpg 560w, https:\/\/veitura.net\/wp-content\/uploads\/2025\/01\/motor-passion-avignon-2024-350x248.jpg 350w, https:\/\/veitura.net\/wp-content\/uploads\/2025\/01\/motor-passion-avignon-2024-700x496.jpg 700w, https:\/\/veitura.net\/wp-content\/uploads\/2025\/01\/motor-passion-avignon-2024-398x282.jpg 398w, https:\/\/veitura.net\/wp-content\/uploads\/2025\/01\/motor-passion-avignon-2024-796x565.jpg 796w\" sizes=\"auto, (max-width: 1190px) 100vw, 1190px\" \/><\/div>\n\t\t<\/div>\n\t<\/div>\n\n\t<div class=\"wpb_text_column wpb_content_element\" >\n\t\t<div class=\"wpb_wrapper\">\n\t\t\t<p>Ce qui a commenc\u00e9 modestement a rapidement \u00e9volu\u00e9. Veitura s&rsquo;est d\u00e9velopp\u00e9e pour couvrir non seulement l&rsquo;H\u00e9rault mais aussi le Languedoc-Roussillon, et petit \u00e0 petit, la demande croissante a conduit \u00e0 une expansion \u00e0 travers toute la France. Aujourd&rsquo;hui, Veitura compte plus de 35 conseillers r\u00e9partis aussi en Belgique, au Luxembourg, et en Suisse.<\/p>\n\n\t\t<\/div>\n\t<\/div>\n<\/div><\/div><\/div><div class=\"box_mob_hide wpb_column vc_column_container vc_col-sm-6\"><div class=\"vc_column-inner\"><div class=\"wpb_wrapper\">\n\t<div class=\"wpb_single_image wpb_content_element vc_align_left\">\n\t\t<div class=\"wpb_wrapper\">\n\t\t\t\n\t\t\t<div class=\"vc_single_image-wrapper   vc_box_border_grey\"><img loading=\"lazy\" decoding=\"async\" width=\"1190\" height=\"844\" src=\"https:\/\/veitura.net\/wp-content\/uploads\/2025\/01\/motor-passion-avignon-2024.jpg\" class=\"vc_single_image-img attachment-full\" alt=\"\" title=\"motor passion avignon 2024\" srcset=\"https:\/\/veitura.net\/wp-content\/uploads\/2025\/01\/motor-passion-avignon-2024.jpg 1190w, https:\/\/veitura.net\/wp-content\/uploads\/2025\/01\/motor-passion-avignon-2024-300x213.jpg 300w, https:\/\/veitura.net\/wp-content\/uploads\/2025\/01\/motor-passion-avignon-2024-1024x726.jpg 1024w, https:\/\/veitura.net\/wp-content\/uploads\/2025\/01\/motor-passion-avignon-2024-18x12.jpg 18w, https:\/\/veitura.net\/wp-content\/uploads\/2025\/01\/motor-passion-avignon-2024-255x181.jpg 255w, https:\/\/veitura.net\/wp-content\/uploads\/2025\/01\/motor-passion-avignon-2024-510x362.jpg 510w, https:\/\/veitura.net\/wp-content\/uploads\/2025\/01\/motor-passion-avignon-2024-280x199.jpg 280w, https:\/\/veitura.net\/wp-content\/uploads\/2025\/01\/motor-passion-avignon-2024-560x397.jpg 560w, https:\/\/veitura.net\/wp-content\/uploads\/2025\/01\/motor-passion-avignon-2024-350x248.jpg 350w, https:\/\/veitura.net\/wp-content\/uploads\/2025\/01\/motor-passion-avignon-2024-700x496.jpg 700w, https:\/\/veitura.net\/wp-content\/uploads\/2025\/01\/motor-passion-avignon-2024-398x282.jpg 398w, https:\/\/veitura.net\/wp-content\/uploads\/2025\/01\/motor-passion-avignon-2024-796x565.jpg 796w\" sizes=\"auto, (max-width: 1190px) 100vw, 1190px\" \/><\/div>\n\t\t<\/div>\n\t<\/div>\n<\/div><\/div><\/div><\/div><div class=\"vc_row wpb_row vc_row-fluid row_desk_middle vc_custom_1738256397262\"><div class=\"wpb_column vc_column_container vc_col-sm-6\"><div class=\"vc_column-inner\"><div class=\"wpb_wrapper\">\n\t<div class=\"wpb_single_image wpb_content_element vc_align_left\">\n\t\t<div class=\"wpb_wrapper\">\n\t\t\t\n\t\t\t<div class=\"vc_single_image-wrapper   vc_box_border_grey\"><img loading=\"lazy\" decoding=\"async\" width=\"1082\" height=\"830\" src=\"https:\/\/veitura.net\/wp-content\/uploads\/2025\/01\/epoqu-auto-2024.jpg\" class=\"vc_single_image-img attachment-full\" alt=\"\" title=\"epoqu auto 2024\" srcset=\"https:\/\/veitura.net\/wp-content\/uploads\/2025\/01\/epoqu-auto-2024.jpg 1082w, https:\/\/veitura.net\/wp-content\/uploads\/2025\/01\/epoqu-auto-2024-300x230.jpg 300w, https:\/\/veitura.net\/wp-content\/uploads\/2025\/01\/epoqu-auto-2024-1024x786.jpg 1024w, https:\/\/veitura.net\/wp-content\/uploads\/2025\/01\/epoqu-auto-2024-16x12.jpg 16w, https:\/\/veitura.net\/wp-content\/uploads\/2025\/01\/epoqu-auto-2024-255x196.jpg 255w, https:\/\/veitura.net\/wp-content\/uploads\/2025\/01\/epoqu-auto-2024-510x391.jpg 510w, https:\/\/veitura.net\/wp-content\/uploads\/2025\/01\/epoqu-auto-2024-280x215.jpg 280w, https:\/\/veitura.net\/wp-content\/uploads\/2025\/01\/epoqu-auto-2024-560x430.jpg 560w, https:\/\/veitura.net\/wp-content\/uploads\/2025\/01\/epoqu-auto-2024-350x268.jpg 350w, https:\/\/veitura.net\/wp-content\/uploads\/2025\/01\/epoqu-auto-2024-700x537.jpg 700w, https:\/\/veitura.net\/wp-content\/uploads\/2025\/01\/epoqu-auto-2024-398x305.jpg 398w, https:\/\/veitura.net\/wp-content\/uploads\/2025\/01\/epoqu-auto-2024-796x611.jpg 796w\" sizes=\"auto, (max-width: 1082px) 100vw, 1082px\" \/><\/div>\n\t\t<\/div>\n\t<\/div>\n<\/div><\/div><\/div><div class=\"wpb_column vc_column_container vc_col-sm-6\"><div class=\"vc_column-inner\"><div class=\"wpb_wrapper\">\n\t<div class=\"wpb_text_column wpb_content_element\" >\n\t\t<div class=\"wpb_wrapper\">\n\t\t\t<h3 style=\"text-align: center;\"><strong>Une communaut\u00e9 de passionn\u00e9s<\/strong><\/h3>\n\n\t\t<\/div>\n\t<\/div>\n\n\t<div class=\"wpb_text_column wpb_content_element\" >\n\t\t<div class=\"wpb_wrapper\">\n\t\t\t<p>Veitura est plus qu&rsquo;une entreprise : c&rsquo;est une communaut\u00e9 de passionn\u00e9s qui partagent r\u00e9guli\u00e8rement leurs exp\u00e9riences lors de visioconf\u00e9rences et de rencontres physiques. Chaque transaction est c\u00e9l\u00e9br\u00e9e comme un moment sp\u00e9cial, t\u00e9moignant de l&rsquo;engagement de notre \u00e9quipe \u00e0 offrir un service personnalis\u00e9 et \u00e9motionnellement riche.<\/p>\n\n\t\t<\/div>\n\t<\/div>\n<\/div><\/div><\/div><\/div><div class=\"vc_row wpb_row vc_row-fluid vc_custom_1737931349000\"><div class=\"wpb_column vc_column_container vc_col-sm-4\"><div class=\"vc_column-inner\"><div class=\"wpb_wrapper\">\n\t<div class=\"wpb_raw_code wpb_content_element wpb_raw_html\" >\n\t\t<div class=\"wpb_wrapper\">\n\t\t\t<a href=\"https:\/\/veitura.net\/en\/voitures-de-collection-a-vendre\/\" class=\"cars_all_txt\"><div>nos voitures<\/div><\/a>\n\t\t<\/div>\n\t<\/div>\n<\/div><\/div><\/div><div class=\"wpb_column vc_column_container vc_col-sm-4\"><div class=\"vc_column-inner\"><div class=\"wpb_wrapper\">\n\t<div class=\"wpb_raw_code wpb_content_element wpb_raw_html\" >\n\t\t<div class=\"wpb_wrapper\">\n\t\t\t<a href=\"https:\/\/veitura.net\/en\/devenir-conseiller-automobile\/\" class=\"cars_all_txt\"><div>nous rejoindre<\/div><\/a>\n\t\t<\/div>\n\t<\/div>\n<\/div><\/div><\/div><div class=\"wpb_column vc_column_container vc_col-sm-4\"><div class=\"vc_column-inner\"><div class=\"wpb_wrapper\">\n\t<div class=\"wpb_raw_code wpb_content_element wpb_raw_html\" >\n\t\t<div class=\"wpb_wrapper\">\n\t\t\t<a href=\"https:\/\/veitura.net\/en\/rejoignez-la-communaute-veitura\/\" class=\"cars_all_txt\"><div>notre communaut\u00e9<\/div><\/a>\n\t\t<\/div>\n\t<\/div>\n<\/div><\/div><\/div><\/div>\n<\/div>","protected":false},"excerpt":{"rendered":"Veitura : une histoire de passion Veitura, qui signifie \"voiture\" en occitan, est un hommage \u00e0 notre r\u00e9gion de Montpellier et incarne l'h\u00e9ritage local. Fond\u00e9e en 2019 par \u00c9ric, \u00e0 l'approche de sa retraite, et son fils S\u00e9bastien, Veitura est n\u00e9e d'une histoire de passion transmise de p\u00e8re en fils et repr\u00e9sente leur amour commun...","protected":false},"author":1,"featured_media":0,"parent":0,"menu_order":0,"comment_status":"closed","ping_status":"closed","template":"","meta":{"_acf_changed":false,"footnotes":""},"class_list":["post-8984","page","type-page","status-publish","hentry"],"acf":[],"_links":{"self":[{"href":"https:\/\/veitura.net\/en\/wp-json\/wp\/v2\/pages\/8984","targetHints":{"allow":["GET"]}}],"collection":[{"href":"https:\/\/veitura.net\/en\/wp-json\/wp\/v2\/pages"}],"about":[{"href":"https:\/\/veitura.net\/en\/wp-json\/wp\/v2\/types\/page"}],"author":[{"embeddable":true,"href":"https:\/\/veitura.net\/en\/wp-json\/wp\/v2\/users\/1"}],"replies":[{"embeddable":true,"href":"https:\/\/veitura.net\/en\/wp-json\/wp\/v2\/comments?post=8984"}],"version-history":[{"count":0,"href":"https:\/\/veitura.net\/en\/wp-json\/wp\/v2\/pages\/8984\/revisions"}],"wp:attachment":[{"href":"https:\/\/veitura.net\/en\/wp-json\/wp\/v2\/media?parent=8984"}],"curies":[{"name":"wp","href":"https:\/\/api.w.org\/{rel}","templated":true}]}}