{"id":19060,"date":"2025-04-10T18:12:20","date_gmt":"2025-04-10T16:12:20","guid":{"rendered":"https:\/\/veitura.net\/?page_id=19060"},"modified":"2025-04-10T18:19:20","modified_gmt":"2025-04-10T16:19:20","slug":"redaction-annonce-ia","status":"publish","type":"page","link":"https:\/\/veitura.net\/en\/redaction-annonce-ia\/","title":{"rendered":"R\u00e9daction IA"},"content":{"rendered":"<article>Oubliez les annonces fades et impersonnelles ! Votre annonce doit raconter une histoire, susciter une \u00e9motion et convaincre l&rsquo;acheteur que votre v\u00e9hicule est une opportunit\u00e9 unique.<\/p>\n<h3>Mise en Valeur du V\u00e9hicule : L&rsquo;Art du D\u00e9tail<\/h3>\n<p>Chaque voiture est unique. Voici les \u00e9l\u00e9ments essentiels \u00e0 d\u00e9tailler :<\/p>\n<ul>\n<li><b>Sp\u00e9cifications Techniques :<\/b> Moteur, puissance, type de transmission, etc.<\/li>\n<li><b>Ann\u00e9e de Fabrication &amp; Historique :<\/b> Reconstituez le parcours de votre voiture, anecdotes comprises.<\/li>\n<li><b>Couleur Ext\u00e9rieure &amp; Int\u00e9rieure :<\/b> Soyez pr\u00e9cis et \u00e9vocateur.<\/li>\n<li><b>Mileage :<\/b> Indiquez le kilom\u00e9trage r\u00e9el, sans chercher \u00e0 le masquer.<\/li>\n<li><b>Travaux de Restauration :<\/b> D\u00e9taillez les travaux effectu\u00e9s, avec photos si possible. Pr\u00e9cisez les pi\u00e8ces remplac\u00e9es, l&rsquo;origine des pi\u00e8ces, et le professionnel qui a r\u00e9alis\u00e9 les travaux.<\/li>\n<li><b>\u00c9l\u00e9ments Distinctifs :<\/b> Options rares, accessoires d&rsquo;\u00e9poque, particularit\u00e9s uniques&#8230; Mettez en avant ce qui rend votre voiture exceptionnelle.<\/li>\n<\/ul>\n<h3>L&rsquo;Importance de l&rsquo;Histoire : Une Narration Envo\u00fbtante<\/h3>\n<p><b>L&rsquo;histoire de votre voiture est sa plus grande valeur.<\/b> A-t-elle appartenu \u00e0 une personnalit\u00e9 c\u00e9l\u00e8bre ? A-t-elle particip\u00e9 \u00e0 des rallyes ? A-t-elle une histoire familiale particuli\u00e8re ? N&rsquo;h\u00e9sitez pas \u00e0 partager ces anecdotes, elles fascineront les acheteurs.<\/p>\n<h3>\u00c9tat du V\u00e9hicule : Transparence et Honn\u00eatet\u00e9<\/h3>\n<p>Soyez honn\u00eate sur l&rsquo;\u00e9tat de votre voiture. Mettez en avant ses atouts, mais n&rsquo;omettez pas les \u00e9ventuels d\u00e9fauts. Des photos claires et d\u00e9taill\u00e9es sont indispensables pour instaurer la confiance.<\/p>\n<h3>Le Potentiel d&rsquo;Investissement : Un Placement Judicieux<\/h3>\n<p>Soulignez le potentiel d&rsquo;investissement de votre voiture. Son prix a-t-il augment\u00e9 au fil des ans ? Est-elle rare et recherch\u00e9e ? Mettez en avant ces arguments pour convaincre les acheteurs que votre voiture est un placement s\u00fbr et passionnant.<\/p>\n<\/article>\n<article>\n<div style=\"border: 2px solid #ebebeb;\">[aiomatic-form id=\u00a0\u00bb18145&Prime;]<\/div>\n<p>&nbsp;<\/p>\n<p>&nbsp;<\/p>\n<\/article>\n<p>&nbsp;<\/p>","protected":false},"excerpt":{"rendered":"<p>Oubliez les annonces fades et impersonnelles ! Votre annonce doit raconter une histoire, susciter une \u00e9motion et convaincre l&rsquo;acheteur que votre v\u00e9hicule est une opportunit\u00e9 unique. Mise en Valeur du V\u00e9hicule : L&rsquo;Art du D\u00e9tail Chaque voiture est unique. Voici les \u00e9l\u00e9ments essentiels \u00e0 d\u00e9tailler : Sp\u00e9cifications Techniques : Moteur, puissance, type de transmission, etc&#8230;.<\/p>","protected":false},"author":2,"featured_media":0,"parent":0,"menu_order":0,"comment_status":"closed","ping_status":"closed","template":"","meta":{"_acf_changed":false,"footnotes":""},"class_list":["post-19060","page","type-page","status-publish","hentry"],"acf":[],"_links":{"self":[{"href":"https:\/\/veitura.net\/en\/wp-json\/wp\/v2\/pages\/19060","targetHints":{"allow":["GET"]}}],"collection":[{"href":"https:\/\/veitura.net\/en\/wp-json\/wp\/v2\/pages"}],"about":[{"href":"https:\/\/veitura.net\/en\/wp-json\/wp\/v2\/types\/page"}],"author":[{"embeddable":true,"href":"https:\/\/veitura.net\/en\/wp-json\/wp\/v2\/users\/2"}],"replies":[{"embeddable":true,"href":"https:\/\/veitura.net\/en\/wp-json\/wp\/v2\/comments?post=19060"}],"version-history":[{"count":0,"href":"https:\/\/veitura.net\/en\/wp-json\/wp\/v2\/pages\/19060\/revisions"}],"wp:attachment":[{"href":"https:\/\/veitura.net\/en\/wp-json\/wp\/v2\/media?parent=19060"}],"curies":[{"name":"wp","href":"https:\/\/api.w.org\/{rel}","templated":true}]}}