{"id":17654,"date":"2025-01-21T22:52:40","date_gmt":"2025-01-21T21:52:40","guid":{"rendered":"https:\/\/veitura.net\/?page_id=17654"},"modified":"2025-01-30T17:47:18","modified_gmt":"2025-01-30T16:47:18","slug":"rejoignez-la-communaute-veitura","status":"publish","type":"page","link":"https:\/\/veitura.net\/en\/rejoignez-la-communaute-veitura\/","title":{"rendered":"Rejoignez la Communaut\u00e9 Veitura !"},"content":{"rendered":"<div class=\"wpb-content-wrapper\"><div data-vc-full-width=\"true\" data-vc-full-width-init=\"false\" data-vc-stretch-content=\"true\" class=\"vc_row wpb_row vc_row-fluid vc_custom_1737909008673 vc_row-no-padding\"><div class=\"wpb_column vc_column_container vc_col-sm-12\"><div class=\"vc_column-inner\"><div class=\"wpb_wrapper\"><div class=\"vc_empty_space\"   style=\"height: 40px\"><span class=\"vc_empty_space_inner\"><\/span><\/div>\n\t<div class=\"wpb_text_column wpb_content_element\" >\n\t\t<div class=\"wpb_wrapper\">\n\t\t\t<h2 style=\"text-align: center;\"><strong><span style=\"vertical-align: inherit;\"><span style=\"vertical-align: inherit;\">Pour des passionn\u00e9s, par des passionn\u00e9s<\/span><\/span><\/strong><\/h2>\n\n\t\t<\/div>\n\t<\/div>\n<div class=\"vc_empty_space\"   style=\"height: 5px\"><span class=\"vc_empty_space_inner\"><\/span><\/div><\/div><\/div><\/div><\/div><div class=\"vc_row-full-width\"><\/div><div class=\"vc_row wpb_row vc_row-fluid vc_custom_1737913717375\"><div class=\"wpb_column vc_column_container vc_col-sm-6\"><div class=\"vc_column-inner\"><div class=\"wpb_wrapper\"><div class=\"vc_empty_space\"   style=\"height: 45px\"><span class=\"vc_empty_space_inner\"><\/span><\/div>\n\t<div class=\"wpb_text_column wpb_content_element\" >\n\t\t<div class=\"wpb_wrapper\">\n\t\t\t<h3 style=\"text-align: center;\"><strong>Un espace unique pour une passion partag\u00e9e<\/strong><\/h3>\n\n\t\t<\/div>\n\t<\/div>\n\n\t<div class=\"wpb_text_column wpb_content_element\" >\n\t\t<div class=\"wpb_wrapper\">\n\t\t\t<p>Depuis 2019,\u00a0<strong>Veitura et ses conseillers<\/strong>\u00a0assistent les passionn\u00e9s de voitures de collection dans leurs projets de recherche et de vente.<\/p>\n<p>Aujourd\u2019hui, nous lan\u00e7ons la\u00a0<strong>Communaut\u00e9 Veitura<\/strong>, un espace unique pour rassembler collectionneurs, clubs, partenaires et professionnels autour d\u2019une m\u00eame passion.<\/p>\n\n\t\t<\/div>\n\t<\/div>\n<div class=\"vc_empty_space\"   style=\"height: 5px\"><span class=\"vc_empty_space_inner\"><\/span><\/div><\/div><\/div><\/div><div class=\"wpb_column vc_column_container vc_col-sm-6\"><div class=\"vc_column-inner\"><div class=\"wpb_wrapper\">\n\t<div class=\"wpb_single_image wpb_content_element vc_align_left\">\n\t\t<div class=\"wpb_wrapper\">\n\t\t\t\n\t\t\t<div class=\"vc_single_image-wrapper   vc_box_border_grey\"><img loading=\"lazy\" decoding=\"async\" width=\"885\" height=\"500\" src=\"https:\/\/veitura.net\/wp-content\/uploads\/2025\/01\/image.jpg\" class=\"vc_single_image-img attachment-full\" alt=\"\" title=\"image\" srcset=\"https:\/\/veitura.net\/wp-content\/uploads\/2025\/01\/image.jpg 885w, https:\/\/veitura.net\/wp-content\/uploads\/2025\/01\/image-300x169.jpg 300w, https:\/\/veitura.net\/wp-content\/uploads\/2025\/01\/image-18x10.jpg 18w, https:\/\/veitura.net\/wp-content\/uploads\/2025\/01\/image-255x144.jpg 255w, https:\/\/veitura.net\/wp-content\/uploads\/2025\/01\/image-510x288.jpg 510w, https:\/\/veitura.net\/wp-content\/uploads\/2025\/01\/image-280x158.jpg 280w, https:\/\/veitura.net\/wp-content\/uploads\/2025\/01\/image-560x316.jpg 560w, https:\/\/veitura.net\/wp-content\/uploads\/2025\/01\/image-350x198.jpg 350w, https:\/\/veitura.net\/wp-content\/uploads\/2025\/01\/image-700x395.jpg 700w, https:\/\/veitura.net\/wp-content\/uploads\/2025\/01\/image-398x225.jpg 398w, https:\/\/veitura.net\/wp-content\/uploads\/2025\/01\/image-796x450.jpg 796w\" sizes=\"auto, (max-width: 885px) 100vw, 885px\" \/><\/div>\n\t\t<\/div>\n\t<\/div>\n<\/div><\/div><\/div><\/div><div class=\"vc_row wpb_row vc_row-fluid row_desk_middle vc_custom_1738255634003\"><div class=\"box_mob_hide wpb_column vc_column_container vc_col-sm-6 vc_hidden-sm vc_hidden-xs\"><div class=\"vc_column-inner\"><div class=\"wpb_wrapper\">\n\t<div class=\"wpb_single_image wpb_content_element vc_align_left\">\n\t\t<div class=\"wpb_wrapper\">\n\t\t\t\n\t\t\t<div class=\"vc_single_image-wrapper   vc_box_border_grey\"><img loading=\"lazy\" decoding=\"async\" width=\"1600\" height=\"1302\" src=\"https:\/\/veitura.net\/wp-content\/uploads\/2025\/01\/WhatsApp-Image-2025-01-26-at-11.47.27.jpeg\" class=\"vc_single_image-img attachment-full\" alt=\"\" title=\"WhatsApp Image 2025-01-26 at 11.47.27\" srcset=\"https:\/\/veitura.net\/wp-content\/uploads\/2025\/01\/WhatsApp-Image-2025-01-26-at-11.47.27.jpeg 1600w, https:\/\/veitura.net\/wp-content\/uploads\/2025\/01\/WhatsApp-Image-2025-01-26-at-11.47.27-300x244.jpeg 300w, https:\/\/veitura.net\/wp-content\/uploads\/2025\/01\/WhatsApp-Image-2025-01-26-at-11.47.27-1024x833.jpeg 1024w, https:\/\/veitura.net\/wp-content\/uploads\/2025\/01\/WhatsApp-Image-2025-01-26-at-11.47.27-15x12.jpeg 15w, https:\/\/veitura.net\/wp-content\/uploads\/2025\/01\/WhatsApp-Image-2025-01-26-at-11.47.27-255x208.jpeg 255w, https:\/\/veitura.net\/wp-content\/uploads\/2025\/01\/WhatsApp-Image-2025-01-26-at-11.47.27-510x415.jpeg 510w, https:\/\/veitura.net\/wp-content\/uploads\/2025\/01\/WhatsApp-Image-2025-01-26-at-11.47.27-280x228.jpeg 280w, https:\/\/veitura.net\/wp-content\/uploads\/2025\/01\/WhatsApp-Image-2025-01-26-at-11.47.27-560x456.jpeg 560w, https:\/\/veitura.net\/wp-content\/uploads\/2025\/01\/WhatsApp-Image-2025-01-26-at-11.47.27-350x285.jpeg 350w, https:\/\/veitura.net\/wp-content\/uploads\/2025\/01\/WhatsApp-Image-2025-01-26-at-11.47.27-700x570.jpeg 700w, https:\/\/veitura.net\/wp-content\/uploads\/2025\/01\/WhatsApp-Image-2025-01-26-at-11.47.27-398x324.jpeg 398w, https:\/\/veitura.net\/wp-content\/uploads\/2025\/01\/WhatsApp-Image-2025-01-26-at-11.47.27-796x648.jpeg 796w\" sizes=\"auto, (max-width: 1600px) 100vw, 1600px\" \/><\/div>\n\t\t<\/div>\n\t<\/div>\n<\/div><\/div><\/div><div class=\"wpb_column vc_column_container vc_col-sm-6\"><div class=\"vc_column-inner\"><div class=\"wpb_wrapper\">\n\t<div class=\"wpb_text_column wpb_content_element\" >\n\t\t<div class=\"wpb_wrapper\">\n\t\t\t<h3 style=\"text-align: center;\"><strong>Pourquoi rejoindre la Communaut\u00e9 Veitura ?<\/strong><\/h3>\n\n\t\t<\/div>\n\t<\/div>\n\n\t<div class=\"wpb_single_image wpb_content_element vc_align_left   box_desk_hide\">\n\t\t<div class=\"wpb_wrapper\">\n\t\t\t\n\t\t\t<div class=\"vc_single_image-wrapper   vc_box_border_grey\"><img loading=\"lazy\" decoding=\"async\" width=\"1600\" height=\"1302\" src=\"https:\/\/veitura.net\/wp-content\/uploads\/2025\/01\/WhatsApp-Image-2025-01-26-at-11.47.27.jpeg\" class=\"vc_single_image-img attachment-full\" alt=\"\" title=\"WhatsApp Image 2025-01-26 at 11.47.27\" srcset=\"https:\/\/veitura.net\/wp-content\/uploads\/2025\/01\/WhatsApp-Image-2025-01-26-at-11.47.27.jpeg 1600w, https:\/\/veitura.net\/wp-content\/uploads\/2025\/01\/WhatsApp-Image-2025-01-26-at-11.47.27-300x244.jpeg 300w, https:\/\/veitura.net\/wp-content\/uploads\/2025\/01\/WhatsApp-Image-2025-01-26-at-11.47.27-1024x833.jpeg 1024w, https:\/\/veitura.net\/wp-content\/uploads\/2025\/01\/WhatsApp-Image-2025-01-26-at-11.47.27-15x12.jpeg 15w, https:\/\/veitura.net\/wp-content\/uploads\/2025\/01\/WhatsApp-Image-2025-01-26-at-11.47.27-255x208.jpeg 255w, https:\/\/veitura.net\/wp-content\/uploads\/2025\/01\/WhatsApp-Image-2025-01-26-at-11.47.27-510x415.jpeg 510w, https:\/\/veitura.net\/wp-content\/uploads\/2025\/01\/WhatsApp-Image-2025-01-26-at-11.47.27-280x228.jpeg 280w, https:\/\/veitura.net\/wp-content\/uploads\/2025\/01\/WhatsApp-Image-2025-01-26-at-11.47.27-560x456.jpeg 560w, https:\/\/veitura.net\/wp-content\/uploads\/2025\/01\/WhatsApp-Image-2025-01-26-at-11.47.27-350x285.jpeg 350w, https:\/\/veitura.net\/wp-content\/uploads\/2025\/01\/WhatsApp-Image-2025-01-26-at-11.47.27-700x570.jpeg 700w, https:\/\/veitura.net\/wp-content\/uploads\/2025\/01\/WhatsApp-Image-2025-01-26-at-11.47.27-398x324.jpeg 398w, https:\/\/veitura.net\/wp-content\/uploads\/2025\/01\/WhatsApp-Image-2025-01-26-at-11.47.27-796x648.jpeg 796w\" sizes=\"auto, (max-width: 1600px) 100vw, 1600px\" \/><\/div>\n\t\t<\/div>\n\t<\/div>\n\n\t<div class=\"wpb_text_column wpb_content_element\" >\n\t\t<div class=\"wpb_wrapper\">\n\t\t\t<ul>\n<li><strong>Estimation collaborative des prix<\/strong>\u00a0: Fini les outils obsol\u00e8tes ! Gr\u00e2ce \u00e0 l\u2019intelligence collective, les avis des membres permettent d\u2019obtenir des estimations pr\u00e9cises, r\u00e9alistes et adapt\u00e9es au march\u00e9 actuel.<\/li>\n<li><strong>Exclusivit\u00e9s Off-Market et avant-premi\u00e8res<\/strong>\u00a0: Soyez parmi les premiers \u00e0 d\u00e9couvrir des\u00a0<strong>v\u00e9hicules qui seront bient\u00f4t en vente<\/strong>\u00a0ou\u00a0<strong>disponibles uniquement pour nos membres<\/strong>. Ces opportunit\u00e9s exclusives vous donnent un acc\u00e8s privil\u00e9gi\u00e9 \u00e0 des tr\u00e9sors rares.<\/li>\n<li><strong>Recherches en cours<\/strong>\u00a0: Profitez de la puissance de la communaut\u00e9 pour\u00a0<strong>s\u2019entraider dans la qu\u00eate de p\u00e9pites<\/strong>. Que vous cherchiez un mod\u00e8le sp\u00e9cifique ou des pi\u00e8ces rares, l\u2019intelligence collective peut vous aider \u00e0 les trouver.<\/li>\n<li><strong>Sorties de granges<\/strong>\u00a0: Explorez une section d\u00e9di\u00e9e aux\u00a0<strong>v\u00e9hicules \u00e0 restaurer<\/strong>, pour ceux qui souhaitent redonner vie \u00e0 des l\u00e9gendes oubli\u00e9es.<\/li>\n<\/ul>\n\n\t\t<\/div>\n\t<\/div>\n<\/div><\/div><\/div><\/div><div class=\"vc_row wpb_row vc_row-fluid row_desk_middle vc_custom_1738255436376\"><div class=\"wpb_column vc_column_container vc_col-sm-6\"><div class=\"vc_column-inner\"><div class=\"wpb_wrapper\">\n\t<div class=\"wpb_text_column wpb_content_element\" >\n\t\t<div class=\"wpb_wrapper\">\n\t\t\t<h3 style=\"text-align: center;\"><strong>Clubs et professionnels r\u00e9unis<\/strong><\/h3>\n\n\t\t<\/div>\n\t<\/div>\n\n\t<div class=\"wpb_text_column wpb_content_element\" >\n\t\t<div class=\"wpb_wrapper\">\n\t\t\t<ul>\n<li><strong>Un espace pour les clubs<\/strong>\u00a0: Organisez des \u00e9v\u00e9nements, recrutez de nouveaux membres et partagez vos actualit\u00e9s avec une communaut\u00e9 passionn\u00e9e.<\/li>\n<li><strong>Mettez en avant votre expertise<\/strong>\u00a0: Vous \u00eates un professionnel ? Pr\u00e9sentez vos services ou produits \u00e0 une audience qualifi\u00e9e et passionn\u00e9e.<\/li>\n<\/ul>\n\n\t\t<\/div>\n\t<\/div>\n<\/div><\/div><\/div><div class=\"wpb_column vc_column_container vc_col-sm-6\"><div class=\"vc_column-inner\"><div class=\"wpb_wrapper\">\n\t<div class=\"wpb_single_image wpb_content_element vc_align_left  vc_custom_1738255566546\">\n\t\t<div class=\"wpb_wrapper\">\n\t\t\t\n\t\t\t<div class=\"vc_single_image-wrapper   vc_box_border_grey\"><img loading=\"lazy\" decoding=\"async\" width=\"1600\" height=\"757\" src=\"https:\/\/veitura.net\/wp-content\/uploads\/2025\/01\/eric-testa.jpg\" class=\"vc_single_image-img attachment-full\" alt=\"\" title=\"eric testa\" srcset=\"https:\/\/veitura.net\/wp-content\/uploads\/2025\/01\/eric-testa.jpg 1600w, https:\/\/veitura.net\/wp-content\/uploads\/2025\/01\/eric-testa-300x142.jpg 300w, https:\/\/veitura.net\/wp-content\/uploads\/2025\/01\/eric-testa-1024x484.jpg 1024w, https:\/\/veitura.net\/wp-content\/uploads\/2025\/01\/eric-testa-18x9.jpg 18w, https:\/\/veitura.net\/wp-content\/uploads\/2025\/01\/eric-testa-255x121.jpg 255w, https:\/\/veitura.net\/wp-content\/uploads\/2025\/01\/eric-testa-510x241.jpg 510w, https:\/\/veitura.net\/wp-content\/uploads\/2025\/01\/eric-testa-280x132.jpg 280w, https:\/\/veitura.net\/wp-content\/uploads\/2025\/01\/eric-testa-560x265.jpg 560w, https:\/\/veitura.net\/wp-content\/uploads\/2025\/01\/eric-testa-350x166.jpg 350w, https:\/\/veitura.net\/wp-content\/uploads\/2025\/01\/eric-testa-700x331.jpg 700w, https:\/\/veitura.net\/wp-content\/uploads\/2025\/01\/eric-testa-398x188.jpg 398w, https:\/\/veitura.net\/wp-content\/uploads\/2025\/01\/eric-testa-796x377.jpg 796w\" sizes=\"auto, (max-width: 1600px) 100vw, 1600px\" \/><\/div>\n\t\t<\/div>\n\t<\/div>\n<\/div><\/div><\/div><\/div><div class=\"vc_row wpb_row vc_row-fluid row_desk_middle vc_custom_1738255497810\"><div class=\"box_mob_hide wpb_column vc_column_container vc_col-sm-6\"><div class=\"vc_column-inner\"><div class=\"wpb_wrapper\">\n\t<div class=\"wpb_single_image wpb_content_element vc_align_left\">\n\t\t<div class=\"wpb_wrapper\">\n\t\t\t\n\t\t\t<div class=\"vc_single_image-wrapper   vc_box_border_grey\"><img loading=\"lazy\" decoding=\"async\" width=\"1600\" height=\"1200\" src=\"https:\/\/veitura.net\/wp-content\/uploads\/2025\/01\/433930006_1167896184588636_8236317053727177851_n.jpg\" class=\"vc_single_image-img attachment-full\" alt=\"\" title=\"433930006_1167896184588636_8236317053727177851_n\" srcset=\"https:\/\/veitura.net\/wp-content\/uploads\/2025\/01\/433930006_1167896184588636_8236317053727177851_n.jpg 1600w, https:\/\/veitura.net\/wp-content\/uploads\/2025\/01\/433930006_1167896184588636_8236317053727177851_n-300x225.jpg 300w, https:\/\/veitura.net\/wp-content\/uploads\/2025\/01\/433930006_1167896184588636_8236317053727177851_n-1024x768.jpg 1024w, https:\/\/veitura.net\/wp-content\/uploads\/2025\/01\/433930006_1167896184588636_8236317053727177851_n-16x12.jpg 16w, https:\/\/veitura.net\/wp-content\/uploads\/2025\/01\/433930006_1167896184588636_8236317053727177851_n-255x191.jpg 255w, https:\/\/veitura.net\/wp-content\/uploads\/2025\/01\/433930006_1167896184588636_8236317053727177851_n-510x383.jpg 510w, https:\/\/veitura.net\/wp-content\/uploads\/2025\/01\/433930006_1167896184588636_8236317053727177851_n-280x210.jpg 280w, https:\/\/veitura.net\/wp-content\/uploads\/2025\/01\/433930006_1167896184588636_8236317053727177851_n-560x420.jpg 560w, https:\/\/veitura.net\/wp-content\/uploads\/2025\/01\/433930006_1167896184588636_8236317053727177851_n-350x263.jpg 350w, https:\/\/veitura.net\/wp-content\/uploads\/2025\/01\/433930006_1167896184588636_8236317053727177851_n-700x525.jpg 700w, https:\/\/veitura.net\/wp-content\/uploads\/2025\/01\/433930006_1167896184588636_8236317053727177851_n-398x299.jpg 398w, https:\/\/veitura.net\/wp-content\/uploads\/2025\/01\/433930006_1167896184588636_8236317053727177851_n-796x597.jpg 796w\" sizes=\"auto, (max-width: 1600px) 100vw, 1600px\" \/><\/div>\n\t\t<\/div>\n\t<\/div>\n<\/div><\/div><\/div><div class=\"wpb_column vc_column_container vc_col-sm-6\"><div class=\"vc_column-inner\"><div class=\"wpb_wrapper\">\n\t<div class=\"wpb_text_column wpb_content_element\" >\n\t\t<div class=\"wpb_wrapper\">\n\t\t\t<h3 style=\"text-align: center;\"><strong>Un r\u00e9seau connect\u00e9 et s\u00e9lectif<\/strong><\/h3>\n\n\t\t<\/div>\n\t<\/div>\n\n\t<div class=\"wpb_single_image wpb_content_element vc_align_left   box_desk_hide\">\n\t\t<div class=\"wpb_wrapper\">\n\t\t\t\n\t\t\t<div class=\"vc_single_image-wrapper   vc_box_border_grey\"><img loading=\"lazy\" decoding=\"async\" width=\"1600\" height=\"1200\" src=\"https:\/\/veitura.net\/wp-content\/uploads\/2025\/01\/433930006_1167896184588636_8236317053727177851_n.jpg\" class=\"vc_single_image-img attachment-full\" alt=\"\" title=\"433930006_1167896184588636_8236317053727177851_n\" srcset=\"https:\/\/veitura.net\/wp-content\/uploads\/2025\/01\/433930006_1167896184588636_8236317053727177851_n.jpg 1600w, https:\/\/veitura.net\/wp-content\/uploads\/2025\/01\/433930006_1167896184588636_8236317053727177851_n-300x225.jpg 300w, https:\/\/veitura.net\/wp-content\/uploads\/2025\/01\/433930006_1167896184588636_8236317053727177851_n-1024x768.jpg 1024w, https:\/\/veitura.net\/wp-content\/uploads\/2025\/01\/433930006_1167896184588636_8236317053727177851_n-16x12.jpg 16w, https:\/\/veitura.net\/wp-content\/uploads\/2025\/01\/433930006_1167896184588636_8236317053727177851_n-255x191.jpg 255w, https:\/\/veitura.net\/wp-content\/uploads\/2025\/01\/433930006_1167896184588636_8236317053727177851_n-510x383.jpg 510w, https:\/\/veitura.net\/wp-content\/uploads\/2025\/01\/433930006_1167896184588636_8236317053727177851_n-280x210.jpg 280w, https:\/\/veitura.net\/wp-content\/uploads\/2025\/01\/433930006_1167896184588636_8236317053727177851_n-560x420.jpg 560w, https:\/\/veitura.net\/wp-content\/uploads\/2025\/01\/433930006_1167896184588636_8236317053727177851_n-350x263.jpg 350w, https:\/\/veitura.net\/wp-content\/uploads\/2025\/01\/433930006_1167896184588636_8236317053727177851_n-700x525.jpg 700w, https:\/\/veitura.net\/wp-content\/uploads\/2025\/01\/433930006_1167896184588636_8236317053727177851_n-398x299.jpg 398w, https:\/\/veitura.net\/wp-content\/uploads\/2025\/01\/433930006_1167896184588636_8236317053727177851_n-796x597.jpg 796w\" sizes=\"auto, (max-width: 1600px) 100vw, 1600px\" \/><\/div>\n\t\t<\/div>\n\t<\/div>\n\n\t<div class=\"wpb_text_column wpb_content_element\" >\n\t\t<div class=\"wpb_wrapper\">\n\t\t\t<ul>\n<li><strong>Accessible partout<\/strong>\u00a0: Notre communaut\u00e9 est disponible sur ordinateur, Android et iPhone, pour rester inform\u00e9 o\u00f9 que vous soyez.<\/li>\n<li><strong>Un acc\u00e8s bas\u00e9 sur la passion<\/strong>\u00a0:\n<ul>\n<li><strong>Recommand\u00e9 par un membre ?<\/strong>\u00a0Recevez un lien d\u2019invitation.<\/li>\n<li><strong>Pas encore de contact ?<\/strong>\u00a0Remplissez un formulaire en pr\u00e9cisant votre lien avec les voitures de collection et votre motivation \u00e0 nous rejoindre.<\/li>\n<\/ul>\n<\/li>\n<\/ul>\n\n\t\t<\/div>\n\t<\/div>\n<\/div><\/div><\/div><\/div><div class=\"vc_row wpb_row vc_row-fluid\"><div class=\"wpb_column vc_column_container vc_col-sm-12\"><div class=\"vc_column-inner\"><div class=\"wpb_wrapper\">\n\t<div class=\"wpb_text_column wpb_content_element\" >\n\t\t<div class=\"wpb_wrapper\">\n\t\t\t<h3 style=\"text-align: center;\"><strong>Rejoignez-nous d\u00e8s maintenant !<\/strong><\/h3>\n\n\t\t<\/div>\n\t<\/div>\n\n\t<div class=\"wpb_text_column wpb_content_element\" >\n\t\t<div class=\"wpb_wrapper\">\n\t\t\t<p style=\"text-align: center;\">L&rsquo;acc\u00e8s \u00e0 la Communaut\u00e9 Veitura est <strong>gratuit<\/strong>, le seul crit\u00e8re \u00e9tant la <strong>passion<\/strong> pour les voitures de collection.<\/p>\n<p style=\"text-align: center;\">Pour demander votre invitation, veuillez remplir le formulaire ci-dessous et entrez dans l\u2019univers exclusif de Veitura.<\/p>\n\n\t\t<\/div>\n\t<\/div>\n<\/div><\/div><\/div><\/div><div class=\"vc_row wpb_row vc_row-fluid vc_custom_1737914052019\"><div class=\"wpb_column vc_column_container vc_col-sm-12\"><div class=\"vc_column-inner\"><div class=\"wpb_wrapper\">\n\t<div class=\"wpb_text_column wpb_content_element\" >\n\t\t<div class=\"wpb_wrapper\">\n\t\t\t<h4 style=\"text-align: center;\"><strong>Ensemble, partageons l\u2019histoire et l\u2019avenir des voitures de collection.<\/strong><\/h4>\n\n\t\t<\/div>\n\t<\/div>\n\n<div class=\"wpcf7 no-js\" id=\"wpcf7-f6307-o1\" lang=\"fr-FR\" dir=\"ltr\" data-wpcf7-id=\"6307\">\n<div class=\"screen-reader-response\"><p role=\"status\" aria-live=\"polite\" aria-atomic=\"true\"><\/p> <ul><\/ul><\/div>\n<form action=\"\/en\/wp-json\/wp\/v2\/pages\/17654#wpcf7-f6307-o1\" method=\"post\" class=\"wpcf7-form init\" aria-label=\"Contact form\" novalidate=\"novalidate\" data-status=\"init\" data-trp-original-action=\"\/en\/wp-json\/wp\/v2\/pages\/17654#wpcf7-f6307-o1\">\n<fieldset class=\"hidden-fields-container\"><input type=\"hidden\" name=\"_wpcf7\" value=\"6307\" \/><input type=\"hidden\" name=\"_wpcf7_version\" value=\"6.1.5\" \/><input type=\"hidden\" name=\"_wpcf7_locale\" value=\"fr_FR\" \/><input type=\"hidden\" name=\"_wpcf7_unit_tag\" value=\"wpcf7-f6307-o1\" \/><input type=\"hidden\" name=\"_wpcf7_container_post\" value=\"0\" \/><input type=\"hidden\" name=\"_wpcf7_posted_data_hash\" value=\"\" \/><input type=\"hidden\" name=\"_wpcf7_recaptcha_response\" value=\"\" \/>\n<\/fieldset>\n<div class=\"form_css\">\n\n\n<!-------------------Section left ---------------------->\n\n<div class=\"column-half\">\n\n<div class=\"form-row\">\n<div class=\"column-full\" style=\"font-size: 23px;text-align: center;font-weight: 700;\"> VOTRE PASSION : <\/div>\n<\/div>\n\n<div class=\"form-row\" style=\"margin-top: 12px;margin-bottom: 12px;\">\n<div class=\"column-half\"> <span class=\"wpcf7-form-control-wrap\" data-name=\"field-1\"><textarea cols=\"40\" rows=\"10\" maxlength=\"2000\" class=\"wpcf7-form-control wpcf7-textarea wpcf7-validates-as-required\" aria-required=\"true\" aria-invalid=\"false\" placeholder=\"D\u00e9crivez-nous ce qui vous relie \u00e0 la voiture de collection * :\" name=\"field-1\"><\/textarea><\/span><\/div>\n<\/div>\n<div class=\"form-row\">\n<div class=\"column-half\"><span class=\"wpcf7-form-control-wrap\" data-name=\"field-2\"><textarea cols=\"40\" rows=\"10\" maxlength=\"2000\" class=\"wpcf7-form-control wpcf7-textarea wpcf7-validates-as-required\" aria-required=\"true\" aria-invalid=\"false\" placeholder=\"Avez vous des voitures de collection? * :\" name=\"field-2\"><\/textarea><\/span><\/div>\n<\/div>\n\n\n<\/div>\n\n\n<!-------------------Section Right ---------------------->\n\n<div class=\"column-half\">\n\n\n<div class=\"form-row\">\n<div class=\"column-full\" style=\"font-size: 23px;text-align: center;font-weight: 700;\"> YOUR CONTACT INFORMATION :<\/div>\n<\/div>\n\n<div class=\"form-row\">\n<div class=\"column-half\"> <span class=\"wpcf7-form-control-wrap\" data-name=\"field-6\"><input size=\"40\" maxlength=\"400\" class=\"wpcf7-form-control wpcf7-text wpcf7-validates-as-required\" aria-required=\"true\" aria-invalid=\"false\" placeholder=\"Name* :\" value=\"\" type=\"text\" name=\"field-6\" \/><\/span><\/div>\n<div class=\"column-half\"><span class=\"wpcf7-form-control-wrap\" data-name=\"field-7\"><input size=\"40\" maxlength=\"400\" class=\"wpcf7-form-control wpcf7-text wpcf7-validates-as-required\" aria-required=\"true\" aria-invalid=\"false\" placeholder=\"First name* :\" value=\"\" type=\"text\" name=\"field-7\" \/><\/span><\/div>\n<\/div>\n\n<div class=\"form-row\">\n<div class=\"column-full\"> <span class=\"wpcf7-form-control-wrap\" data-name=\"field-8\"><input size=\"40\" maxlength=\"400\" class=\"wpcf7-form-control wpcf7-email wpcf7-validates-as-required wpcf7-text wpcf7-validates-as-email\" aria-required=\"true\" aria-invalid=\"false\" placeholder=\"Email*:\" value=\"\" type=\"email\" name=\"field-8\" \/><\/span><\/div>\n<div class=\"column-full\"> <span class=\"wpcf7-form-control-wrap\" data-name=\"field-9\"><input size=\"40\" maxlength=\"400\" class=\"wpcf7-form-control wpcf7-text wpcf7-validates-as-required\" aria-required=\"true\" aria-invalid=\"false\" placeholder=\"Phone* :\" value=\"\" type=\"text\" name=\"field-9\" \/><\/span><\/div>\n<\/div>\n\n<div class=\"form-row\">\n<div class=\"column-half\"> <span class=\"wpcf7-form-control-wrap\" data-name=\"field-10\"><input size=\"40\" maxlength=\"400\" class=\"wpcf7-form-control wpcf7-text wpcf7-validates-as-required\" aria-required=\"true\" aria-invalid=\"false\" placeholder=\"Postal Code* :\" value=\"\" type=\"text\" name=\"field-10\" \/><\/span><\/div>\n<div class=\"column-half\"> <span class=\"wpcf7-form-control-wrap\" data-name=\"field-11\"><input size=\"40\" maxlength=\"400\" class=\"wpcf7-form-control wpcf7-text wpcf7-validates-as-required\" aria-required=\"true\" aria-invalid=\"false\" placeholder=\"Country* :\" value=\"\" type=\"text\" name=\"field-11\" \/><\/span><\/div>\n<\/div>\n\n\n<div class=\"form-row\">\n<div class=\"column-full\"><span class=\"wpcf7-form-control-wrap\" data-name=\"field-12\"><select class=\"wpcf7-form-control wpcf7-select\" aria-invalid=\"false\" name=\"field-12\"><option value=\"\">How did you hear about Veitura?<\/option><option value=\"Facebook\">Facebook<\/option><option value=\"Newsletter\">Newsletter<\/option><option value=\"Instagram\">Instagram<\/option><option value=\"Apporteur d&#039; affaires\">Business contributor<\/option><option value=\"Google\">Google<\/option><option value=\"Autre\">Other<\/option><\/select><\/span><\/div>\n<\/div>\n\n<div class=\"form-row\">\n<div class=\"column-full\"> <span class=\"wpcf7-form-control-wrap\" data-name=\"field-13\"><input size=\"40\" maxlength=\"400\" class=\"wpcf7-form-control wpcf7-text wpcf7-validates-as-required\" aria-required=\"true\" aria-invalid=\"false\" placeholder=\"Name of the business contributor:\" value=\"\" type=\"text\" name=\"field-13\" \/><\/span><\/div>\n<\/div>\n\n<\/div>\n\n\n\n\n<div class=\"form-row\">\n<div class=\"column-full\"><input class=\"wpcf7-form-control wpcf7-submit has-spinner\" type=\"submit\" value=\"Send\" \/><\/div>\n<\/div>\n\n<\/div><!--end responsive-form--><div class=\"wpcf7-response-output\" aria-hidden=\"true\"><\/div>\n<input type=\"hidden\" name=\"trp-form-language\" value=\"en\"\/><\/form>\n<\/div>\n\n\t<div class=\"wpb_single_image wpb_content_element vc_align_center\">\n\t\t<div class=\"wpb_wrapper\">\n\t\t\t\n\t\t\t<div class=\"vc_single_image-wrapper   vc_box_border_grey\"><img loading=\"lazy\" decoding=\"async\" width=\"2560\" height=\"1646\" src=\"https:\/\/veitura.net\/wp-content\/uploads\/2025\/01\/cover-pic-scaled.jpg\" class=\"vc_single_image-img attachment-full\" alt=\"\" title=\"cover pic\" srcset=\"https:\/\/veitura.net\/wp-content\/uploads\/2025\/01\/cover-pic-scaled.jpg 2560w, https:\/\/veitura.net\/wp-content\/uploads\/2025\/01\/cover-pic-300x193.jpg 300w, https:\/\/veitura.net\/wp-content\/uploads\/2025\/01\/cover-pic-1024x658.jpg 1024w, https:\/\/veitura.net\/wp-content\/uploads\/2025\/01\/cover-pic-18x12.jpg 18w, https:\/\/veitura.net\/wp-content\/uploads\/2025\/01\/cover-pic-255x164.jpg 255w, https:\/\/veitura.net\/wp-content\/uploads\/2025\/01\/cover-pic-510x328.jpg 510w, https:\/\/veitura.net\/wp-content\/uploads\/2025\/01\/cover-pic-280x180.jpg 280w, https:\/\/veitura.net\/wp-content\/uploads\/2025\/01\/cover-pic-560x360.jpg 560w, https:\/\/veitura.net\/wp-content\/uploads\/2025\/01\/cover-pic-350x225.jpg 350w, https:\/\/veitura.net\/wp-content\/uploads\/2025\/01\/cover-pic-700x450.jpg 700w, https:\/\/veitura.net\/wp-content\/uploads\/2025\/01\/cover-pic-398x256.jpg 398w, https:\/\/veitura.net\/wp-content\/uploads\/2025\/01\/cover-pic-796x512.jpg 796w\" sizes=\"auto, (max-width: 2560px) 100vw, 2560px\" \/><\/div>\n\t\t<\/div>\n\t<\/div>\n<\/div><\/div><\/div><\/div>\n<\/div>","protected":false},"excerpt":{"rendered":"<p>La\u00a0Communaut\u00e9 Veitura, un espace unique pour rassembler collectionneurs, clubs, partenaires et professionnels autour d\u2019une m\u00eame passion<\/p>","protected":false},"author":2,"featured_media":0,"parent":0,"menu_order":0,"comment_status":"closed","ping_status":"closed","template":"","meta":{"_acf_changed":false,"footnotes":""},"class_list":["post-17654","page","type-page","status-publish","hentry"],"acf":[],"_links":{"self":[{"href":"https:\/\/veitura.net\/en\/wp-json\/wp\/v2\/pages\/17654","targetHints":{"allow":["GET"]}}],"collection":[{"href":"https:\/\/veitura.net\/en\/wp-json\/wp\/v2\/pages"}],"about":[{"href":"https:\/\/veitura.net\/en\/wp-json\/wp\/v2\/types\/page"}],"author":[{"embeddable":true,"href":"https:\/\/veitura.net\/en\/wp-json\/wp\/v2\/users\/2"}],"replies":[{"embeddable":true,"href":"https:\/\/veitura.net\/en\/wp-json\/wp\/v2\/comments?post=17654"}],"version-history":[{"count":0,"href":"https:\/\/veitura.net\/en\/wp-json\/wp\/v2\/pages\/17654\/revisions"}],"wp:attachment":[{"href":"https:\/\/veitura.net\/en\/wp-json\/wp\/v2\/media?parent=17654"}],"curies":[{"name":"wp","href":"https:\/\/api.w.org\/{rel}","templated":true}]}}