{"id":10860,"date":"2023-01-23T14:46:32","date_gmt":"2023-01-23T13:46:32","guid":{"rendered":"https:\/\/veitura.net\/?page_id=10860"},"modified":"2023-05-08T18:14:33","modified_gmt":"2023-05-08T16:14:33","slug":"video-drone-voiture","status":"publish","type":"page","link":"https:\/\/veitura.net\/en\/video-drone-voiture\/","title":{"rendered":"Your classic car in video drone"},"content":{"rendered":"<div class=\"wpb-content-wrapper\"><div class=\"vc_row wpb_row vc_row-fluid div_cnt vc_custom_1674485552864 vc_row-o-equal-height vc_row-flex\"><div class=\"wpb_column vc_column_container vc_col-sm-6\"><div class=\"vc_column-inner\"><div class=\"wpb_wrapper\">\n\t<div class=\"wpb_text_column wpb_content_element\" >\n\t\t<div class=\"wpb_wrapper\">\n\t\t\t<h4 style=\"color: #c7081b;\">Give your classic car a professionally produced video.<\/h4>\n\n\t\t<\/div>\n\t<\/div>\n\n\t<div class=\"wpb_text_column wpb_content_element\" >\n\t\t<div class=\"wpb_wrapper\">\n\t\t\t<p>A classic car is above all a story, a common past. Together, you have lived mythical moments, you have driven the most beautiful roads, you have pampered it...<\/p>\n\n\t\t<\/div>\n\t<\/div>\n\n\t<div class=\"wpb_text_column wpb_content_element\" >\n\t\t<div class=\"wpb_wrapper\">\n\t\t\t<h4>Just like the greatest movie stars, what about immortalizing your duet through a video made in pro quality?<\/h4>\n\n\t\t<\/div>\n\t<\/div>\n<\/div><\/div><\/div><div class=\"wpb_column vc_column_container vc_col-sm-6\"><div class=\"vc_column-inner\"><div class=\"wpb_wrapper\">\n\t<div class=\"wpb_video_widget wpb_content_element vc_clearfix   vc_custom_1674485745742 vc_video-aspect-ratio-169 vc_video-el-width-100 vc_video-align-left\" >\n\t\t<div class=\"wpb_wrapper\">\n\t\t\t\n\t\t\t<div class=\"wpb_video_wrapper\"><iframe loading=\"lazy\" title=\"Vintage car video drone\" width=\"500\" height=\"281\" src=\"https:\/\/www.youtube.com\/embed\/7yIG7fChVqg?feature=oembed\" frameborder=\"0\" allow=\"accelerometer; autoplay; clipboard-write; encrypted-media; gyroscope; picture-in-picture; web-share\" allowfullscreen><\/iframe><\/div>\n\t\t<\/div>\n\t<\/div>\n<\/div><\/div><\/div><\/div><div class=\"vc_row wpb_row vc_row-fluid\"><div class=\"wpb_column vc_column_container vc_col-sm-12\"><div class=\"vc_column-inner\"><div class=\"wpb_wrapper\"><div class=\"vc_empty_space\"   style=\"height: 25px\"><span class=\"vc_empty_space_inner\"><\/span><\/div>\n\t<div class=\"wpb_text_column wpb_content_element\" >\n\t\t<div class=\"wpb_wrapper\">\n\t\t\t<h3 style=\"color: #c7081b; text-align: center;\">Veitura, specialist in classic and prestige cars, accompanies you.<\/h3>\n\n\t\t<\/div>\n\t<\/div>\n<div class=\"vc_empty_space\"   style=\"height: 25px\"><span class=\"vc_empty_space_inner\"><\/span><\/div><\/div><\/div><\/div><\/div><div class=\"vc_row wpb_row vc_row-fluid div_cnt vc_custom_1674485552864 vc_row-o-equal-height vc_row-flex\"><div class=\"wpb_column vc_column_container vc_col-sm-6\"><div class=\"vc_column-inner\"><div class=\"wpb_wrapper\">\n\t<div class=\"wpb_text_column wpb_content_element\" >\n\t\t<div class=\"wpb_wrapper\">\n\t\t\t<h4 style=\"color: #c7081b;\">How does it work?<\/h4>\n\n\t\t<\/div>\n\t<\/div>\n\n\t<div class=\"wpb_text_column wpb_content_element\" >\n\t\t<div class=\"wpb_wrapper\">\n\t\t\t<p>Our partner videographers will come to your home or to a location defined together to make a video at the height of your car.<\/p>\n<p>We have several packages and options to choose from depending on what you want (drone video, ground video, photo shooting...)<\/p>\n<p>We are also able to propose you customized offers according to your needs (personalized scenario, several cars in the same video, dvd, photo printing...). If you are interested, contact us at\u00a0<strong><a href=\"mailto:contact@veitura.net\">contact@veitura.net<\/a><\/strong><\/p>\n\n\t\t<\/div>\n\t<\/div>\n<\/div><\/div><\/div><div class=\"wpb_column vc_column_container vc_col-sm-6\"><div class=\"vc_column-inner\"><div class=\"wpb_wrapper\">\n\t<div class=\"wpb_single_image wpb_content_element vc_align_left\">\n\t\t<div class=\"wpb_wrapper\">\n\t\t\t\n\t\t\t<div class=\"vc_single_image-wrapper   vc_box_border_grey\"><img loading=\"lazy\" decoding=\"async\" width=\"640\" height=\"404\" src=\"https:\/\/veitura.net\/wp-content\/uploads\/2023\/02\/camera-2590892_640-640x404-1.jpg\" class=\"vc_single_image-img attachment-full\" alt=\"\" title=\"camera-2590892_640-640x404\" srcset=\"https:\/\/veitura.net\/wp-content\/uploads\/2023\/02\/camera-2590892_640-640x404-1.jpg 640w, https:\/\/veitura.net\/wp-content\/uploads\/2023\/02\/camera-2590892_640-640x404-1-300x189.jpg 300w, https:\/\/veitura.net\/wp-content\/uploads\/2023\/02\/camera-2590892_640-640x404-1-18x12.jpg 18w, https:\/\/veitura.net\/wp-content\/uploads\/2023\/02\/camera-2590892_640-640x404-1-255x161.jpg 255w, https:\/\/veitura.net\/wp-content\/uploads\/2023\/02\/camera-2590892_640-640x404-1-510x322.jpg 510w, https:\/\/veitura.net\/wp-content\/uploads\/2023\/02\/camera-2590892_640-640x404-1-280x177.jpg 280w, https:\/\/veitura.net\/wp-content\/uploads\/2023\/02\/camera-2590892_640-640x404-1-560x354.jpg 560w, https:\/\/veitura.net\/wp-content\/uploads\/2023\/02\/camera-2590892_640-640x404-1-350x221.jpg 350w, https:\/\/veitura.net\/wp-content\/uploads\/2023\/02\/camera-2590892_640-640x404-1-398x251.jpg 398w\" sizes=\"auto, (max-width: 640px) 100vw, 640px\" \/><\/div>\n\t\t<\/div>\n\t<\/div>\n<\/div><\/div><\/div><\/div><div class=\"vc_row wpb_row vc_row-fluid\"><div class=\"wpb_column vc_column_container vc_col-sm-12\"><div class=\"vc_column-inner\"><div class=\"wpb_wrapper\"><div class=\"vc_empty_space\"   style=\"height: 25px\"><span class=\"vc_empty_space_inner\"><\/span><\/div>\n\t<div class=\"wpb_text_column wpb_content_element\" >\n\t\t<div class=\"wpb_wrapper\">\n\t\t\t<h3 style=\"color: #c7081b; text-align: center;\">Compose your quote by choosing from the following options:<\/h3>\n\n\t\t<\/div>\n\t<\/div>\n<div class=\"vc_empty_space\"   style=\"height: 25px\"><span class=\"vc_empty_space_inner\"><\/span><\/div><\/div><\/div><\/div><\/div><div class=\"vc_row wpb_row vc_row-fluid\"><div class=\"wpb_column vc_column_container vc_col-sm-12\"><div class=\"vc_column-inner\"><div class=\"wpb_wrapper\">\n<div class=\"wpcf7 no-js\" id=\"wpcf7-f8470-o1\" lang=\"fr-FR\" dir=\"ltr\" data-wpcf7-id=\"8470\">\n<div class=\"screen-reader-response\"><p role=\"status\" aria-live=\"polite\" aria-atomic=\"true\"><\/p> <ul><\/ul><\/div>\n<form action=\"\/en\/wp-json\/wp\/v2\/pages\/10860#wpcf7-f8470-o1\" method=\"post\" class=\"wpcf7-form init\" aria-label=\"Contact form\" novalidate=\"novalidate\" data-status=\"init\" data-trp-original-action=\"\/en\/wp-json\/wp\/v2\/pages\/10860#wpcf7-f8470-o1\">\n<fieldset class=\"hidden-fields-container\"><input type=\"hidden\" name=\"_wpcf7\" value=\"8470\" \/><input type=\"hidden\" name=\"_wpcf7_version\" value=\"6.1.5\" \/><input type=\"hidden\" name=\"_wpcf7_locale\" value=\"fr_FR\" \/><input type=\"hidden\" name=\"_wpcf7_unit_tag\" value=\"wpcf7-f8470-o1\" \/><input type=\"hidden\" name=\"_wpcf7_container_post\" value=\"0\" \/><input type=\"hidden\" name=\"_wpcf7_posted_data_hash\" value=\"\" \/><input type=\"hidden\" name=\"_wpcf7_recaptcha_response\" value=\"\" \/>\n<\/fieldset>\n<div class=\"form_css\">\n<!-------------------Section left ---------------------->\n\n<div class=\"column-half\">\n\n<div class=\"form-row\">\n<div class=\"column-full\" style=\"font-size: 23px;text-align: center;font-weight: 700;\"> YOUR OPTIONS : <\/div>\n<\/div>\n\n<div class=\"form-row\">\n<div class=\"column-full\"> Type of video desired: <span class=\"wpcf7-form-control-wrap\" data-name=\"video\"><select class=\"wpcf7-form-control wpcf7-select wpcf7-validates-as-required\" aria-required=\"true\" aria-invalid=\"false\" name=\"video\"><option value=\"\">-Please choose an option-<\/option><option value=\"Vid\u00e9o au sol\">Video on the ground<\/option><option value=\"Vid\u00e9o r\u00e9alis\u00e9e par un drone\">Video made by a drone<\/option><option value=\"Tarif de groupe sur demande (\u00e0 partir de 2 v\u00e9hicules)\">Group rate on request (from 2 vehicles)<\/option><option value=\"Non merci, je ne souhaite que des photos\">No thanks, I only want pictures<\/option><\/select><\/span><\/div>\n<\/div>\n\n<div class=\"form-row\">\n<div class=\"column-full\"> Optional: photo pack : <span class=\"wpcf7-form-control-wrap\" data-name=\"Nombredephotos\"><select class=\"wpcf7-form-control wpcf7-select\" aria-invalid=\"false\" name=\"Nombredephotos\"><option value=\"\">-Please choose an option-<\/option><option value=\"10 photos retouch\u00e9es\">10 retouched photos<\/option><option value=\"30 photos retouch\u00e9es\">30 retouched photos<\/option><option value=\"50 photos retouch\u00e9es\">50 retouched photos<\/option><option value=\"Aucune, je souhaite seulement une vid\u00e9o\">None, I just want a video<\/option><\/select><\/span><\/div>\n<\/div>\n\n\n\n\n<div class=\"form-row\">\n<div class=\"column-full\"> <span class=\"wpcf7-form-control-wrap\" data-name=\"field-5\"><textarea cols=\"40\" rows=\"10\" maxlength=\"2000\" class=\"wpcf7-form-control wpcf7-textarea\" aria-invalid=\"false\" placeholder=\"Additional information \/ personalized requests (personalized scenario, several cars in the same video, DVD, photo printing...):\" name=\"field-5\"><\/textarea><\/span><\/div>\n<\/div>\n\n\n\n\n<\/div>\n\n\n<!-------------------Section Right ---------------------->\n<div class=\"column-half\">\n\n<div class=\"form-row\">\n<div class=\"column-full\" style=\"font-size: 23px;text-align: center;font-weight: 700;\"> YOUR CONTACT INFORMATION :<\/div>\n<\/div>\n\n<div class=\"form-row\">\n<div class=\"column-half\"> <span class=\"wpcf7-form-control-wrap\" data-name=\"field-6\"><input size=\"40\" maxlength=\"400\" class=\"wpcf7-form-control wpcf7-text wpcf7-validates-as-required\" aria-required=\"true\" aria-invalid=\"false\" placeholder=\"Name* :\" value=\"\" type=\"text\" name=\"field-6\" \/><\/span><\/div>\n<div class=\"column-half\"><span class=\"wpcf7-form-control-wrap\" data-name=\"field-7\"><input size=\"40\" maxlength=\"400\" class=\"wpcf7-form-control wpcf7-text wpcf7-validates-as-required\" aria-required=\"true\" aria-invalid=\"false\" placeholder=\"First name* :\" value=\"\" type=\"text\" name=\"field-7\" \/><\/span><\/div>\n<\/div>\n\n<div class=\"form-row\">\n<div class=\"column-full\"> <span class=\"wpcf7-form-control-wrap\" data-name=\"field-8\"><input size=\"40\" maxlength=\"400\" class=\"wpcf7-form-control wpcf7-email wpcf7-validates-as-required wpcf7-text wpcf7-validates-as-email\" aria-required=\"true\" aria-invalid=\"false\" placeholder=\"Email*:\" value=\"\" type=\"email\" name=\"field-8\" \/><\/span><\/div>\n<div class=\"column-full\"> <span class=\"wpcf7-form-control-wrap\" data-name=\"field-9\"><input size=\"40\" maxlength=\"400\" class=\"wpcf7-form-control wpcf7-text wpcf7-validates-as-required\" aria-required=\"true\" aria-invalid=\"false\" placeholder=\"Phone* :\" value=\"\" type=\"text\" name=\"field-9\" \/><\/span><\/div>\n<\/div>\n\n<div class=\"form-row\">\n<div class=\"column-half\"> <span class=\"wpcf7-form-control-wrap\" data-name=\"field-10\"><input size=\"40\" maxlength=\"400\" class=\"wpcf7-form-control wpcf7-text wpcf7-validates-as-required\" aria-required=\"true\" aria-invalid=\"false\" placeholder=\"Postal Code* :\" value=\"\" type=\"text\" name=\"field-10\" \/><\/span><\/div>\n<div class=\"column-half\"> <span class=\"wpcf7-form-control-wrap\" data-name=\"field-11\"><input size=\"40\" maxlength=\"400\" class=\"wpcf7-form-control wpcf7-text wpcf7-validates-as-required\" aria-required=\"true\" aria-invalid=\"false\" placeholder=\"Country* :\" value=\"\" type=\"text\" name=\"field-11\" \/><\/span><\/div>\n<\/div>\n\n\n<div class=\"form-row\">\n<div class=\"column-full\"><span class=\"wpcf7-form-control-wrap\" data-name=\"field-12\"><select class=\"wpcf7-form-control wpcf7-select\" aria-invalid=\"false\" name=\"field-12\"><option value=\"\">How did you hear about Veitura?<\/option><option value=\"Facebook\">Facebook<\/option><option value=\"Newsletter\">Newsletter<\/option><option value=\"Instagram\">Instagram<\/option><option value=\"Apporteur d&#039; affaires\">Business contributor<\/option><option value=\"Google\">Google<\/option><option value=\"Autre\">Other<\/option><\/select><\/span><\/div>\n<\/div>\n\n<div class=\"form-row\">\n<div class=\"column-full\"> <span class=\"wpcf7-form-control-wrap\" data-name=\"field-13\"><input size=\"40\" maxlength=\"400\" class=\"wpcf7-form-control wpcf7-text wpcf7-validates-as-required\" aria-required=\"true\" aria-invalid=\"false\" placeholder=\"Name of the business contributor:\" value=\"\" type=\"text\" name=\"field-13\" \/><\/span><\/div>\n<\/div>\n\n<\/div>\n\n\n\n\n<div class=\"form-row\">\n<div class=\"column-full\"><input class=\"wpcf7-form-control wpcf7-submit has-spinner\" type=\"submit\" value=\"Ask for your quote\" \/><\/div>\n<\/div>\n\n<\/div><!--end responsive-form--><div class=\"wpcf7-response-output\" aria-hidden=\"true\"><\/div>\n<input type=\"hidden\" name=\"trp-form-language\" value=\"en\"\/><\/form>\n<\/div>\n<\/div><\/div><\/div><\/div>\n<\/div>","protected":false},"excerpt":{"rendered":"<p>A classic car is above all a story, a common past. Together, you have lived mythical moments, you have driven the most beautiful roads, you have pampered it...<\/p>","protected":false},"author":1,"featured_media":0,"parent":0,"menu_order":0,"comment_status":"closed","ping_status":"closed","template":"","meta":{"_acf_changed":false,"footnotes":""},"class_list":["post-10860","page","type-page","status-publish","hentry"],"acf":[],"_links":{"self":[{"href":"https:\/\/veitura.net\/en\/wp-json\/wp\/v2\/pages\/10860","targetHints":{"allow":["GET"]}}],"collection":[{"href":"https:\/\/veitura.net\/en\/wp-json\/wp\/v2\/pages"}],"about":[{"href":"https:\/\/veitura.net\/en\/wp-json\/wp\/v2\/types\/page"}],"author":[{"embeddable":true,"href":"https:\/\/veitura.net\/en\/wp-json\/wp\/v2\/users\/1"}],"replies":[{"embeddable":true,"href":"https:\/\/veitura.net\/en\/wp-json\/wp\/v2\/comments?post=10860"}],"version-history":[{"count":0,"href":"https:\/\/veitura.net\/en\/wp-json\/wp\/v2\/pages\/10860\/revisions"}],"wp:attachment":[{"href":"https:\/\/veitura.net\/en\/wp-json\/wp\/v2\/media?parent=10860"}],"curies":[{"name":"wp","href":"https:\/\/api.w.org\/{rel}","templated":true}]}}